{"id":123,"date":"2023-05-09T12:57:38","date_gmt":"2023-05-09T10:57:38","guid":{"rendered":"http:\/\/museedesparachutistes.com\/?page_id=123"},"modified":"2023-05-23T09:57:47","modified_gmt":"2023-05-23T07:57:47","slug":"etudiants-chercheurs","status":"publish","type":"page","link":"https:\/\/museedesparachutistes.com\/?page_id=123","title":{"rendered":"Etudiants\/Chercheurs"},"content":{"rendered":"\t\t<div data-elementor-type=\"wp-page\" data-elementor-id=\"123\" class=\"elementor elementor-123\">\n\t\t\t\t\t\t<section class=\"elementor-section elementor-top-section elementor-element elementor-element-7917002 elementor-section-boxed elementor-section-height-default elementor-section-height-default\" data-id=\"7917002\" data-element_type=\"section\">\n\t\t\t\t\t\t<div class=\"elementor-container elementor-column-gap-default\">\n\t\t\t\t\t<div class=\"elementor-column elementor-col-100 elementor-top-column elementor-element elementor-element-973ee37\" data-id=\"973ee37\" data-element_type=\"column\">\n\t\t\t<div class=\"elementor-widget-wrap\">\n\t\t\t\t\t\t\t<\/div>\n\t\t<\/div>\n\t\t\t\t\t<\/div>\n\t\t<\/section>\n\t\t\t\t<section class=\"elementor-section elementor-top-section elementor-element elementor-element-e8cfade elementor-section-boxed elementor-section-height-default elementor-section-height-default\" data-id=\"e8cfade\" data-element_type=\"section\">\n\t\t\t\t\t\t<div class=\"elementor-container elementor-column-gap-default\">\n\t\t\t\t\t<div class=\"elementor-column elementor-col-100 elementor-top-column elementor-element elementor-element-0ab8419\" data-id=\"0ab8419\" data-element_type=\"column\">\n\t\t\t<div class=\"elementor-widget-wrap elementor-element-populated\">\n\t\t\t\t\t\t<div class=\"elementor-element elementor-element-8c8965c elementor-widget elementor-widget-text-editor\" data-id=\"8c8965c\" data-element_type=\"widget\" data-widget_type=\"text-editor.default\">\n\t\t\t\t<div class=\"elementor-widget-container\">\n\t\t\t<style>\/*! elementor - v3.20.0 - 26-03-2024 *\/\n.elementor-widget-text-editor.elementor-drop-cap-view-stacked .elementor-drop-cap{background-color:#69727d;color:#fff}.elementor-widget-text-editor.elementor-drop-cap-view-framed .elementor-drop-cap{color:#69727d;border:3px solid;background-color:transparent}.elementor-widget-text-editor:not(.elementor-drop-cap-view-default) .elementor-drop-cap{margin-top:8px}.elementor-widget-text-editor:not(.elementor-drop-cap-view-default) .elementor-drop-cap-letter{width:1em;height:1em}.elementor-widget-text-editor .elementor-drop-cap{float:left;text-align:center;line-height:1;font-size:50px}.elementor-widget-text-editor .elementor-drop-cap-letter{display:inline-block}<\/style>\t\t\t\t<p><span style=\"color: #3c3c3c; font-family: 'Open Sans', sans-serif; font-size: 14px;\">Chercheur dans un institut ou \u00e9tudiant ; le mus\u00e9e des parachutistes par ses collections, son fond documentaire et sa biblioth\u00e8que, peut vous apporter des outils de travail n\u00e9cessaires dans toutes recherches universitaires.<\/span><\/p><p><span style=\"color: #3c3c3c; font-family: 'Open Sans', sans-serif; font-size: 14px;\">\u00a0Pour toutes candidatures, veuillez envoyer votre CV et votre lettre de motivation \u00e0 l&rsquo;adresse mail suivante :<\/span><\/p><p><strong><span style=\"text-decoration: underline;\">musee.parachutistes@gmail.com<\/span><\/strong><\/p>\t\t\t\t\t\t<\/div>\n\t\t\t\t<\/div>\n\t\t\t\t\t<\/div>\n\t\t<\/div>\n\t\t\t\t\t<\/div>\n\t\t<\/section>\n\t\t\t\t<\/div>\n\t\t","protected":false},"excerpt":{"rendered":"<p>Chercheur dans un institut ou \u00e9tudiant ; le mus\u00e9e des parachutistes par ses collections, son fond documentaire et sa biblioth\u00e8que, peut vous apporter des outils de travail n\u00e9cessaires dans toutes recherches universitaires. \u00a0Pour toutes candidatures, veuillez envoyer votre CV et votre lettre de motivation \u00e0 l&rsquo;adresse mail suivante : musee.parachutistes@gmail.com<\/p>\n","protected":false},"author":1,"featured_media":0,"parent":0,"menu_order":0,"comment_status":"closed","ping_status":"closed","template":"","meta":{"footnotes":""},"class_list":["post-123","page","type-page","status-publish","hentry"],"jetpack_sharing_enabled":true,"_links":{"self":[{"href":"https:\/\/museedesparachutistes.com\/index.php?rest_route=\/wp\/v2\/pages\/123"}],"collection":[{"href":"https:\/\/museedesparachutistes.com\/index.php?rest_route=\/wp\/v2\/pages"}],"about":[{"href":"https:\/\/museedesparachutistes.com\/index.php?rest_route=\/wp\/v2\/types\/page"}],"author":[{"embeddable":true,"href":"https:\/\/museedesparachutistes.com\/index.php?rest_route=\/wp\/v2\/users\/1"}],"replies":[{"embeddable":true,"href":"https:\/\/museedesparachutistes.com\/index.php?rest_route=%2Fwp%2Fv2%2Fcomments&post=123"}],"version-history":[{"count":13,"href":"https:\/\/museedesparachutistes.com\/index.php?rest_route=\/wp\/v2\/pages\/123\/revisions"}],"predecessor-version":[{"id":477,"href":"https:\/\/museedesparachutistes.com\/index.php?rest_route=\/wp\/v2\/pages\/123\/revisions\/477"}],"wp:attachment":[{"href":"https:\/\/museedesparachutistes.com\/index.php?rest_route=%2Fwp%2Fv2%2Fmedia&parent=123"}],"curies":[{"name":"wp","href":"https:\/\/api.w.org\/{rel}","templated":true}]}}