{"id":129,"date":"2023-05-09T12:58:23","date_gmt":"2023-05-09T10:58:23","guid":{"rendered":"http:\/\/museedesparachutistes.com\/?page_id=129"},"modified":"2023-05-11T16:31:54","modified_gmt":"2023-05-11T14:31:54","slug":"famille","status":"publish","type":"page","link":"https:\/\/museedesparachutistes.com\/?page_id=129","title":{"rendered":"Famille"},"content":{"rendered":"\t\t<div data-elementor-type=\"wp-page\" data-elementor-id=\"129\" class=\"elementor elementor-129\">\n\t\t\t\t\t\t<section class=\"elementor-section elementor-top-section elementor-element elementor-element-d75353b elementor-section-boxed elementor-section-height-default elementor-section-height-default\" data-id=\"d75353b\" data-element_type=\"section\">\n\t\t\t\t\t\t<div class=\"elementor-container elementor-column-gap-default\">\n\t\t\t\t\t<div class=\"elementor-column elementor-col-100 elementor-top-column elementor-element elementor-element-2496811\" data-id=\"2496811\" data-element_type=\"column\">\n\t\t\t<div class=\"elementor-widget-wrap\">\n\t\t\t\t\t\t\t<\/div>\n\t\t<\/div>\n\t\t\t\t\t<\/div>\n\t\t<\/section>\n\t\t\t\t<section class=\"elementor-section elementor-top-section elementor-element elementor-element-17dc597 elementor-section-boxed elementor-section-height-default elementor-section-height-default\" data-id=\"17dc597\" data-element_type=\"section\">\n\t\t\t\t\t\t<div class=\"elementor-container elementor-column-gap-default\">\n\t\t\t\t\t<div class=\"elementor-column elementor-col-100 elementor-top-column elementor-element elementor-element-3b5fea6\" data-id=\"3b5fea6\" data-element_type=\"column\">\n\t\t\t<div class=\"elementor-widget-wrap elementor-element-populated\">\n\t\t\t\t\t\t<div class=\"elementor-element elementor-element-85940ed elementor-widget elementor-widget-text-editor\" data-id=\"85940ed\" data-element_type=\"widget\" data-widget_type=\"text-editor.default\">\n\t\t\t\t<div class=\"elementor-widget-container\">\n\t\t\t<style>\/*! elementor - v3.20.0 - 26-03-2024 *\/\n.elementor-widget-text-editor.elementor-drop-cap-view-stacked .elementor-drop-cap{background-color:#69727d;color:#fff}.elementor-widget-text-editor.elementor-drop-cap-view-framed .elementor-drop-cap{color:#69727d;border:3px solid;background-color:transparent}.elementor-widget-text-editor:not(.elementor-drop-cap-view-default) .elementor-drop-cap{margin-top:8px}.elementor-widget-text-editor:not(.elementor-drop-cap-view-default) .elementor-drop-cap-letter{width:1em;height:1em}.elementor-widget-text-editor .elementor-drop-cap{float:left;text-align:center;line-height:1;font-size:50px}.elementor-widget-text-editor .elementor-drop-cap-letter{display:inline-block}<\/style>\t\t\t\t<p>Vous souhaitez visiter le mus\u00e9e en famille, le mus\u00e9e met \u00e0 votre disposition un livret ludique et p\u00e9dagogique pour vos enfants.\u00a0<\/p><p><span style=\"color: #3c3c3c; font-family: 'Open Sans', sans-serif; font-size: 14px; font-weight: var( --e-global-typography-text-font-weight ); letter-spacing: 0px;\">Munis d&rsquo;un carnet de sauts, v<\/span><span style=\"color: #3c3c3c; font-family: 'Open Sans', sans-serif; font-size: 14px; font-weight: var( --e-global-typography-text-font-weight ); letter-spacing: 0px;\">ous parcourez en famille les collections \u00e0 la recherche de P\u00e9pin qui vous guide dans votre aventure. A l\u2019issue du parcours, les enfants recevront un dipl\u00f4me !<\/span><\/p><p><span style=\"color: #3c3c3c; font-family: 'Open Sans', sans-serif; font-size: 14px;\">Pour tout renseignement compl\u00e9mentaire n\u2019h\u00e9sitez pas \u00e0 joindre le mus\u00e9e au 05.59.40.49.19 ou remplir le formulaire de contact.<\/span><span style=\"color: #3c3c3c; font-family: 'Open Sans', sans-serif; font-size: 14px; font-weight: var( --e-global-typography-text-font-weight ); letter-spacing: 0px;\"><br \/><\/span><\/p>\t\t\t\t\t\t<\/div>\n\t\t\t\t<\/div>\n\t\t\t\t\t<\/div>\n\t\t<\/div>\n\t\t\t\t\t<\/div>\n\t\t<\/section>\n\t\t\t\t<section class=\"elementor-section elementor-top-section elementor-element elementor-element-18e80c5 elementor-section-boxed elementor-section-height-default elementor-section-height-default\" data-id=\"18e80c5\" data-element_type=\"section\">\n\t\t\t\t\t\t<div class=\"elementor-container elementor-column-gap-default\">\n\t\t\t\t\t<div class=\"elementor-column elementor-col-100 elementor-top-column elementor-element elementor-element-5a8f1f8\" data-id=\"5a8f1f8\" data-element_type=\"column\">\n\t\t\t<div class=\"elementor-widget-wrap elementor-element-populated\">\n\t\t\t\t\t\t<div class=\"elementor-element elementor-element-3761cb4 elementor-widget elementor-widget-shortcode\" data-id=\"3761cb4\" data-element_type=\"widget\" data-widget_type=\"shortcode.default\">\n\t\t\t\t<div class=\"elementor-widget-container\">\n\t\t\t\t\t<div class=\"elementor-shortcode\"><\/div>\n\t\t\t\t<\/div>\n\t\t\t\t<\/div>\n\t\t\t\t\t<\/div>\n\t\t<\/div>\n\t\t\t\t\t<\/div>\n\t\t<\/section>\n\t\t\t\t<\/div>\n\t\t","protected":false},"excerpt":{"rendered":"<p>Vous souhaitez visiter le mus\u00e9e en famille, le mus\u00e9e met \u00e0 votre disposition un livret ludique et p\u00e9dagogique pour vos enfants.\u00a0 Munis d&rsquo;un carnet de sauts, vous parcourez en famille les collections \u00e0 la recherche de P\u00e9pin qui vous guide dans votre aventure. A l\u2019issue du parcours, les enfants recevront un dipl\u00f4me ! Pour tout renseignement compl\u00e9mentaire n\u2019h\u00e9sitez pas \u00e0 joindre le mus\u00e9e au 05.59.40.49.19 ou remplir le formulaire de contact.<\/p>\n","protected":false},"author":1,"featured_media":0,"parent":0,"menu_order":0,"comment_status":"closed","ping_status":"closed","template":"","meta":{"footnotes":""},"class_list":["post-129","page","type-page","status-publish","hentry"],"jetpack_sharing_enabled":true,"_links":{"self":[{"href":"https:\/\/museedesparachutistes.com\/index.php?rest_route=\/wp\/v2\/pages\/129"}],"collection":[{"href":"https:\/\/museedesparachutistes.com\/index.php?rest_route=\/wp\/v2\/pages"}],"about":[{"href":"https:\/\/museedesparachutistes.com\/index.php?rest_route=\/wp\/v2\/types\/page"}],"author":[{"embeddable":true,"href":"https:\/\/museedesparachutistes.com\/index.php?rest_route=\/wp\/v2\/users\/1"}],"replies":[{"embeddable":true,"href":"https:\/\/museedesparachutistes.com\/index.php?rest_route=%2Fwp%2Fv2%2Fcomments&post=129"}],"version-history":[{"count":13,"href":"https:\/\/museedesparachutistes.com\/index.php?rest_route=\/wp\/v2\/pages\/129\/revisions"}],"predecessor-version":[{"id":367,"href":"https:\/\/museedesparachutistes.com\/index.php?rest_route=\/wp\/v2\/pages\/129\/revisions\/367"}],"wp:attachment":[{"href":"https:\/\/museedesparachutistes.com\/index.php?rest_route=%2Fwp%2Fv2%2Fmedia&parent=129"}],"curies":[{"name":"wp","href":"https:\/\/api.w.org\/{rel}","templated":true}]}}