{"id":1366,"date":"2025-03-24T11:05:21","date_gmt":"2025-03-24T10:05:21","guid":{"rendered":"https:\/\/museedesparachutistes.com\/?page_id=1366"},"modified":"2025-04-02T17:08:38","modified_gmt":"2025-04-02T15:08:38","slug":"la-france-mutualiste","status":"publish","type":"page","link":"https:\/\/museedesparachutistes.com\/?page_id=1366","title":{"rendered":"La France Mutualiste"},"content":{"rendered":"\t\t<div data-elementor-type=\"wp-page\" data-elementor-id=\"1366\" class=\"elementor elementor-1366\">\n\t\t\t\t\t\t<section class=\"elementor-section elementor-top-section elementor-element elementor-element-1c0abc2a elementor-section-boxed elementor-section-height-default elementor-section-height-default\" data-id=\"1c0abc2a\" data-element_type=\"section\">\n\t\t\t\t\t\t<div class=\"elementor-container elementor-column-gap-default\">\n\t\t\t\t\t<div class=\"elementor-column elementor-col-100 elementor-top-column elementor-element elementor-element-63915be3\" data-id=\"63915be3\" data-element_type=\"column\">\n\t\t\t<div class=\"elementor-widget-wrap\">\n\t\t\t\t\t\t\t<\/div>\n\t\t<\/div>\n\t\t\t\t\t<\/div>\n\t\t<\/section>\n\t\t\t\t<section class=\"elementor-section elementor-top-section elementor-element elementor-element-fbed885 elementor-section-boxed elementor-section-height-default elementor-section-height-default\" data-id=\"fbed885\" data-element_type=\"section\">\n\t\t\t\t\t\t<div class=\"elementor-container elementor-column-gap-default\">\n\t\t\t\t\t<div class=\"elementor-column elementor-col-100 elementor-top-column elementor-element elementor-element-771418b6\" data-id=\"771418b6\" data-element_type=\"column\">\n\t\t\t<div class=\"elementor-widget-wrap elementor-element-populated\">\n\t\t\t\t\t\t<div class=\"elementor-element elementor-element-7d371131 elementor-widget elementor-widget-text-editor\" data-id=\"7d371131\" data-element_type=\"widget\" data-widget_type=\"text-editor.default\">\n\t\t\t\t<div class=\"elementor-widget-container\">\n\t\t\t<style>\/*! elementor - v3.20.0 - 26-03-2024 *\/\n.elementor-widget-text-editor.elementor-drop-cap-view-stacked .elementor-drop-cap{background-color:#69727d;color:#fff}.elementor-widget-text-editor.elementor-drop-cap-view-framed .elementor-drop-cap{color:#69727d;border:3px solid;background-color:transparent}.elementor-widget-text-editor:not(.elementor-drop-cap-view-default) .elementor-drop-cap{margin-top:8px}.elementor-widget-text-editor:not(.elementor-drop-cap-view-default) .elementor-drop-cap-letter{width:1em;height:1em}.elementor-widget-text-editor .elementor-drop-cap{float:left;text-align:center;line-height:1;font-size:50px}.elementor-widget-text-editor .elementor-drop-cap-letter{display:inline-block}<\/style>\t\t\t\t<p align=\"JUSTIFY\"><span style=\"font-family: var( --e-global-typography-text-font-family ), Sans-serif; letter-spacing: 0px;\">La France Mutualiste est une institution qui propose des solutions d\u2019\u00e9pargne, de retraite, et d&rsquo;assurance vie. Fond\u00e9e en 1930, elle se distingue par son mod\u00e8le mutualiste, o\u00f9 les adh\u00e9rents sont \u00e0 la fois clients et d\u00e9cideurs des grandes orientations strat\u00e9giques.<\/span><\/p>\n<h4 align=\"JUSTIFY\">Fondation la France mutualiste | Transmettre et pr\u00e9server la m\u00e9moire<\/h4>\n<p align=\"JUSTIFY\"><span style=\"font-family: var( --e-global-typography-text-font-family ), Sans-serif; letter-spacing: 0px;\">Fond\u00e9e en 2012, la Fondation d&rsquo;entreprise la France Mutualiste a pour objectif de promouvoir et soutenir des actions visant \u00e0 pr\u00e9server et transmettre la m\u00e9moire de notre histoire, en particulier aupr\u00e8s des jeunes g\u00e9n\u00e9rations.<\/span><\/p>\n<p align=\"JUSTIFY\"><font face=\"var( --e-global-typography-text-font-family ), Sans-serif\"><span style=\"letter-spacing: 0px;\">La France Mutualiste a accompagn\u00e9 le mus\u00e9e-m\u00e9morial des parachutistes dans le r\u00e9alisation du projet \u00ab\u00a0Un Transall pour le mus\u00e9e des paras\u00a0\u00bb. Gr\u00e2ce \u00e0 leur&nbsp;<\/span><\/font>soutien, un Transall a pu \u00eatre install\u00e9 au mus\u00e9e apr\u00e8s avoir \u00e9t\u00e9 d\u00e9plac\u00e9 depuis l&rsquo;a\u00e9roport de Pau. Actuellement, l&rsquo;a\u00e9ronef est en cours de valorisation \u00e0 travers la cr\u00e9ation d&rsquo;une m\u00e9diation.<\/p>\n<p align=\"JUSTIFY\"><font face=\"var( --e-global-typography-text-font-family ), Sans-serif\"><span style=\"letter-spacing: 0px;\"><br><\/span><\/font><\/p>\n<p align=\"JUSTIFY\"><font face=\"var( --e-global-typography-text-font-family ), Sans-serif\"><span style=\"letter-spacing: 0px;\"><br><\/span><\/font><\/p>\n<p align=\"JUSTIFY\"><font face=\"var( --e-global-typography-text-font-family ), Sans-serif\"><span style=\"letter-spacing: 0px;\"><br><\/span><\/font><\/p>\n<p align=\"JUSTIFY\"><br><\/p>\n<p align=\"JUSTIFY\"><br><\/p>\n<h4>Contact<\/h4>\n<p><a style=\"font-family: var( --e-global-typography-text-font-family ), Sans-serif; letter-spacing: 0px;\" href=\"https:\/\/www.la-france-mutualiste.fr\/\">https:\/\/www.la-france-mutualiste.fr\/<\/a><\/p>\t\t\t\t\t\t<\/div>\n\t\t\t\t<\/div>\n\t\t\t\t<div class=\"elementor-element elementor-element-c707972 elementor-widget__width-initial elementor-absolute elementor-widget elementor-widget-image\" data-id=\"c707972\" data-element_type=\"widget\" data-settings=\"{&quot;_position&quot;:&quot;absolute&quot;}\" data-widget_type=\"image.default\">\n\t\t\t\t<div class=\"elementor-widget-container\">\n\t\t\t<style>\/*! elementor - v3.20.0 - 26-03-2024 *\/\n.elementor-widget-image{text-align:center}.elementor-widget-image a{display:inline-block}.elementor-widget-image a img[src$=\".svg\"]{width:48px}.elementor-widget-image img{vertical-align:middle;display:inline-block}<\/style>\t\t\t\t\t\t\t\t\t\t<img decoding=\"async\" src=\"https:\/\/museedesparachutistes.com\/wp-content\/uploads\/2025\/03\/TRANSALL-R211-024-Petite.jpeg\" title=\"\" alt=\"\" loading=\"lazy\" \/>\t\t\t\t\t\t\t\t\t\t\t\t\t<\/div>\n\t\t\t\t<\/div>\n\t\t\t\t<div class=\"elementor-element elementor-element-5d959fa elementor-widget__width-initial elementor-widget elementor-widget-image\" data-id=\"5d959fa\" data-element_type=\"widget\" data-widget_type=\"image.default\">\n\t\t\t\t<div class=\"elementor-widget-container\">\n\t\t\t\t\t\t\t\t\t\t\t\t\t\t<a href=\"https:\/\/www.la-france-mutualiste.fr\">\n\t\t\t\t\t\t\t<img decoding=\"async\" src=\"https:\/\/museedesparachutistes.com\/wp-content\/uploads\/2025\/03\/Logo-fondation-couleur-1-scaled.jpg\" title=\"\" alt=\"\" loading=\"lazy\" \/>\t\t\t\t\t\t\t\t<\/a>\n\t\t\t\t\t\t\t\t\t\t\t\t\t<\/div>\n\t\t\t\t<\/div>\n\t\t\t\t\t<\/div>\n\t\t<\/div>\n\t\t\t\t\t<\/div>\n\t\t<\/section>\n\t\t\t\t<section class=\"elementor-section elementor-top-section elementor-element elementor-element-3e7ec28 elementor-section-boxed elementor-section-height-default elementor-section-height-default\" data-id=\"3e7ec28\" data-element_type=\"section\">\n\t\t\t\t\t\t<div class=\"elementor-container elementor-column-gap-default\">\n\t\t\t\t\t<div class=\"elementor-column elementor-col-100 elementor-top-column elementor-element elementor-element-a35d593\" data-id=\"a35d593\" data-element_type=\"column\">\n\t\t\t<div class=\"elementor-widget-wrap\">\n\t\t\t\t\t\t\t<\/div>\n\t\t<\/div>\n\t\t\t\t\t<\/div>\n\t\t<\/section>\n\t\t\t\t<\/div>\n\t\t","protected":false},"excerpt":{"rendered":"<p>La France Mutualiste est une institution qui propose des solutions d\u2019\u00e9pargne, de retraite, et d&rsquo;assurance vie. Fond\u00e9e en 1930, elle se distingue par son mod\u00e8le mutualiste, o\u00f9 les adh\u00e9rents sont \u00e0 la fois clients et d\u00e9cideurs des grandes orientations strat\u00e9giques. Fondation la France mutualiste | Transmettre et pr\u00e9server la m\u00e9moire Fond\u00e9e en 2012, la Fondation d&rsquo;entreprise la France Mutualiste a pour objectif de promouvoir et soutenir des actions visant \u00e0 pr\u00e9server et transmettre la m\u00e9moire de notre histoire, en particulier aupr\u00e8s des jeunes g\u00e9n\u00e9rations. La France Mutualiste a accompagn\u00e9 le mus\u00e9e-m\u00e9morial des parachutistes dans le r\u00e9alisation du projet \u00ab\u00a0Un Transall pour le mus\u00e9e des paras\u00a0\u00bb. Gr\u00e2ce \u00e0 leur&nbsp;soutien, un Transall a pu \u00eatre install\u00e9 au mus\u00e9e apr\u00e8s avoir \u00e9t\u00e9 d\u00e9plac\u00e9 depuis l&rsquo;a\u00e9roport de Pau. Actuellement, l&rsquo;a\u00e9ronef est en cours de valorisation \u00e0 travers la cr\u00e9ation d&rsquo;une m\u00e9diation. Contact https:\/\/www.la-france-mutualiste.fr\/<\/p>\n","protected":false},"author":1,"featured_media":0,"parent":0,"menu_order":0,"comment_status":"closed","ping_status":"closed","template":"","meta":{"footnotes":""},"class_list":["post-1366","page","type-page","status-publish","hentry"],"jetpack_sharing_enabled":true,"_links":{"self":[{"href":"https:\/\/museedesparachutistes.com\/index.php?rest_route=\/wp\/v2\/pages\/1366"}],"collection":[{"href":"https:\/\/museedesparachutistes.com\/index.php?rest_route=\/wp\/v2\/pages"}],"about":[{"href":"https:\/\/museedesparachutistes.com\/index.php?rest_route=\/wp\/v2\/types\/page"}],"author":[{"embeddable":true,"href":"https:\/\/museedesparachutistes.com\/index.php?rest_route=\/wp\/v2\/users\/1"}],"replies":[{"embeddable":true,"href":"https:\/\/museedesparachutistes.com\/index.php?rest_route=%2Fwp%2Fv2%2Fcomments&post=1366"}],"version-history":[{"count":81,"href":"https:\/\/museedesparachutistes.com\/index.php?rest_route=\/wp\/v2\/pages\/1366\/revisions"}],"predecessor-version":[{"id":1470,"href":"https:\/\/museedesparachutistes.com\/index.php?rest_route=\/wp\/v2\/pages\/1366\/revisions\/1470"}],"wp:attachment":[{"href":"https:\/\/museedesparachutistes.com\/index.php?rest_route=%2Fwp%2Fv2%2Fmedia&parent=1366"}],"curies":[{"name":"wp","href":"https:\/\/api.w.org\/{rel}","templated":true}]}}