{"id":171,"date":"2023-05-09T14:11:07","date_gmt":"2023-05-09T12:11:07","guid":{"rendered":"http:\/\/museedesparachutistes.com\/?page_id=171"},"modified":"2023-05-11T11:31:45","modified_gmt":"2023-05-11T09:31:45","slug":"la-documentation","status":"publish","type":"page","link":"https:\/\/museedesparachutistes.com\/?page_id=171","title":{"rendered":"La documentation"},"content":{"rendered":"\t\t<div data-elementor-type=\"wp-page\" data-elementor-id=\"171\" class=\"elementor elementor-171\">\n\t\t\t\t\t\t<section class=\"elementor-section elementor-top-section elementor-element elementor-element-e51d49d elementor-section-boxed elementor-section-height-default elementor-section-height-default\" data-id=\"e51d49d\" data-element_type=\"section\">\n\t\t\t\t\t\t<div class=\"elementor-container elementor-column-gap-default\">\n\t\t\t\t\t<div class=\"elementor-column elementor-col-100 elementor-top-column elementor-element elementor-element-5edc09e\" data-id=\"5edc09e\" data-element_type=\"column\">\n\t\t\t<div class=\"elementor-widget-wrap\">\n\t\t\t\t\t\t\t<\/div>\n\t\t<\/div>\n\t\t\t\t\t<\/div>\n\t\t<\/section>\n\t\t\t\t<section class=\"elementor-section elementor-top-section elementor-element elementor-element-ed1cac5 elementor-section-boxed elementor-section-height-default elementor-section-height-default\" data-id=\"ed1cac5\" data-element_type=\"section\">\n\t\t\t\t\t\t<div class=\"elementor-container elementor-column-gap-default\">\n\t\t\t\t\t<div class=\"elementor-column elementor-col-100 elementor-top-column elementor-element elementor-element-5dd8e73\" data-id=\"5dd8e73\" data-element_type=\"column\">\n\t\t\t<div class=\"elementor-widget-wrap elementor-element-populated\">\n\t\t\t\t\t\t<div class=\"elementor-element elementor-element-07582dd elementor-widget elementor-widget-text-editor\" data-id=\"07582dd\" data-element_type=\"widget\" data-widget_type=\"text-editor.default\">\n\t\t\t\t<div class=\"elementor-widget-container\">\n\t\t\t<style>\/*! elementor - v3.20.0 - 26-03-2024 *\/\n.elementor-widget-text-editor.elementor-drop-cap-view-stacked .elementor-drop-cap{background-color:#69727d;color:#fff}.elementor-widget-text-editor.elementor-drop-cap-view-framed .elementor-drop-cap{color:#69727d;border:3px solid;background-color:transparent}.elementor-widget-text-editor:not(.elementor-drop-cap-view-default) .elementor-drop-cap{margin-top:8px}.elementor-widget-text-editor:not(.elementor-drop-cap-view-default) .elementor-drop-cap-letter{width:1em;height:1em}.elementor-widget-text-editor .elementor-drop-cap{float:left;text-align:center;line-height:1;font-size:50px}.elementor-widget-text-editor .elementor-drop-cap-letter{display:inline-block}<\/style>\t\t\t\t<p align=\"JUSTIFY\">Le Mus\u00e9e m\u00e9morial des parachutistes \u00e9tend sa mission de sauvegarde de la m\u00e9moire des troupes a\u00e9roport\u00e9es \u00e0 travers sa biblioth\u00e8que et son centre de documentation.<\/p><p align=\"JUSTIFY\">Le mus\u00e9e poss\u00e8de une grande collection d\u2019ouvrages sp\u00e9cialis\u00e9es (pr\u00e8s de 1400 livres) sur les unit\u00e9s a\u00e9roport\u00e9es et plus largement sur les conflits contemporains auxquelles elles ont particip\u00e9. Vous pourrez consulter les dossiers documentaires constitu\u00e9s au fil des ans par des b\u00e9n\u00e9voles et des passionn\u00e9s.<br \/>Le mus\u00e9e poss\u00e8de \u00e9galement une collection de photographies anciennes, dat\u00e9es de la veille de la Seconde guerre mondiale \u00e0 nos jours.<\/p><p align=\"JUSTIFY\">Que vous soyez \u00e9tudiant, universitaire, chercheur ou historien, n\u2019h\u00e9sitez pas \u00e0 contacter le mus\u00e9e afin de d\u00e9couvrir les richesses de sa biblioth\u00e8que et de son centre de documentation.<br \/>La consultation des archives se fait sur rendez-vous.<\/p>\t\t\t\t\t\t<\/div>\n\t\t\t\t<\/div>\n\t\t\t\t\t<\/div>\n\t\t<\/div>\n\t\t\t\t\t<\/div>\n\t\t<\/section>\n\t\t\t\t<\/div>\n\t\t","protected":false},"excerpt":{"rendered":"<p>Le Mus\u00e9e m\u00e9morial des parachutistes \u00e9tend sa mission de sauvegarde de la m\u00e9moire des troupes a\u00e9roport\u00e9es \u00e0 travers sa biblioth\u00e8que et son centre de documentation. Le mus\u00e9e poss\u00e8de une grande collection d\u2019ouvrages sp\u00e9cialis\u00e9es (pr\u00e8s de 1400 livres) sur les unit\u00e9s a\u00e9roport\u00e9es et plus largement sur les conflits contemporains auxquelles elles ont particip\u00e9. Vous pourrez consulter les dossiers documentaires constitu\u00e9s au fil des ans par des b\u00e9n\u00e9voles et des passionn\u00e9s.Le mus\u00e9e poss\u00e8de \u00e9galement une collection de photographies anciennes, dat\u00e9es de la veille de la Seconde guerre mondiale \u00e0 nos jours. Que vous soyez \u00e9tudiant, universitaire, chercheur ou historien, n\u2019h\u00e9sitez pas \u00e0 contacter le mus\u00e9e afin de d\u00e9couvrir les richesses de sa biblioth\u00e8que et de son centre de documentation.La consultation des archives se fait sur rendez-vous.<\/p>\n","protected":false},"author":1,"featured_media":0,"parent":0,"menu_order":0,"comment_status":"closed","ping_status":"closed","template":"","meta":{"footnotes":""},"class_list":["post-171","page","type-page","status-publish","hentry"],"jetpack_sharing_enabled":true,"_links":{"self":[{"href":"https:\/\/museedesparachutistes.com\/index.php?rest_route=\/wp\/v2\/pages\/171"}],"collection":[{"href":"https:\/\/museedesparachutistes.com\/index.php?rest_route=\/wp\/v2\/pages"}],"about":[{"href":"https:\/\/museedesparachutistes.com\/index.php?rest_route=\/wp\/v2\/types\/page"}],"author":[{"embeddable":true,"href":"https:\/\/museedesparachutistes.com\/index.php?rest_route=\/wp\/v2\/users\/1"}],"replies":[{"embeddable":true,"href":"https:\/\/museedesparachutistes.com\/index.php?rest_route=%2Fwp%2Fv2%2Fcomments&post=171"}],"version-history":[{"count":7,"href":"https:\/\/museedesparachutistes.com\/index.php?rest_route=\/wp\/v2\/pages\/171\/revisions"}],"predecessor-version":[{"id":318,"href":"https:\/\/museedesparachutistes.com\/index.php?rest_route=\/wp\/v2\/pages\/171\/revisions\/318"}],"wp:attachment":[{"href":"https:\/\/museedesparachutistes.com\/index.php?rest_route=%2Fwp%2Fv2%2Fmedia&parent=171"}],"curies":[{"name":"wp","href":"https:\/\/api.w.org\/{rel}","templated":true}]}}