{"id":184,"date":"2023-05-09T14:18:39","date_gmt":"2023-05-09T12:18:39","guid":{"rendered":"http:\/\/museedesparachutistes.com\/?page_id=184"},"modified":"2023-05-11T11:30:34","modified_gmt":"2023-05-11T09:30:34","slug":"lecole-des-troupes-aeroportees-etap","status":"publish","type":"page","link":"https:\/\/museedesparachutistes.com\/?page_id=184","title":{"rendered":"L&rsquo;Ecole des Troupes A\u00e9roport\u00e9es (ETAP)"},"content":{"rendered":"\t\t<div data-elementor-type=\"wp-page\" data-elementor-id=\"184\" class=\"elementor elementor-184\">\n\t\t\t\t\t\t<section class=\"elementor-section elementor-top-section elementor-element elementor-element-0e73902 elementor-section-boxed elementor-section-height-default elementor-section-height-default\" data-id=\"0e73902\" data-element_type=\"section\">\n\t\t\t\t\t\t<div class=\"elementor-container elementor-column-gap-default\">\n\t\t\t\t\t<div class=\"elementor-column elementor-col-100 elementor-top-column elementor-element elementor-element-08c3b2a\" data-id=\"08c3b2a\" data-element_type=\"column\">\n\t\t\t<div class=\"elementor-widget-wrap\">\n\t\t\t\t\t\t\t<\/div>\n\t\t<\/div>\n\t\t\t\t\t<\/div>\n\t\t<\/section>\n\t\t\t\t<section class=\"elementor-section elementor-top-section elementor-element elementor-element-cca3344 elementor-section-boxed elementor-section-height-default elementor-section-height-default\" data-id=\"cca3344\" data-element_type=\"section\">\n\t\t\t\t\t\t<div class=\"elementor-container elementor-column-gap-default\">\n\t\t\t\t\t<div class=\"elementor-column elementor-col-100 elementor-top-column elementor-element elementor-element-42bfe7b\" data-id=\"42bfe7b\" data-element_type=\"column\">\n\t\t\t<div class=\"elementor-widget-wrap elementor-element-populated\">\n\t\t\t\t\t\t<div class=\"elementor-element elementor-element-2a81c0e elementor-widget elementor-widget-text-editor\" data-id=\"2a81c0e\" data-element_type=\"widget\" data-widget_type=\"text-editor.default\">\n\t\t\t\t<div class=\"elementor-widget-container\">\n\t\t\t<style>\/*! elementor - v3.20.0 - 26-03-2024 *\/\n.elementor-widget-text-editor.elementor-drop-cap-view-stacked .elementor-drop-cap{background-color:#69727d;color:#fff}.elementor-widget-text-editor.elementor-drop-cap-view-framed .elementor-drop-cap{color:#69727d;border:3px solid;background-color:transparent}.elementor-widget-text-editor:not(.elementor-drop-cap-view-default) .elementor-drop-cap{margin-top:8px}.elementor-widget-text-editor:not(.elementor-drop-cap-view-default) .elementor-drop-cap-letter{width:1em;height:1em}.elementor-widget-text-editor .elementor-drop-cap{float:left;text-align:center;line-height:1;font-size:50px}.elementor-widget-text-editor .elementor-drop-cap-letter{display:inline-block}<\/style>\t\t\t\t<p align=\"JUSTIFY\">L\u2019Ecole des troupes a\u00e9roport\u00e9es (ETAP) est principalement charg\u00e9e de la formation des parachutistes des trois arm\u00e9es et de la gendarmerie. Elle d\u00e9pend de la 11\u00e8me Brigade parachutiste depuis 2014 et est situ\u00e9e sur le camp Aspirant Zirnheld au nord de la ville de Pau.<\/p><p align=\"JUSTIFY\">Les premiers centres d\u2019instruction au saut en France apparaissent en 1946. Le 16 avril 1946, ils sont regroup\u00e9s au sein d\u2019un Centre Ecole des Troupes a\u00e9roport\u00e9es, le CETAP. Anc\u00eatre de l\u2019ETAP, le CETAP change de nom le 1er juin 1947.<\/p><h4 align=\"JUSTIFY\">Mission et formations<\/h4><p align=\"JUSTIFY\">L\u2019ETAP est principalement charg\u00e9e de la formation individuelle et collective, technique et tactique des parachutistes, cadres ou militaires de rang des trois arm\u00e9es et de la gendarmerie. Mais elle participe aussi aux \u00e9tudes et aux exp\u00e9rimentations parachutistes.<\/p><p align=\"JUSTIFY\">Elle dispense des formations initiales destin\u00e9es \u00e0 l\u2019obtention du brevet de parachutiste militaire et du brevet pr\u00e9liminaire, des formations d\u2019application destin\u00e9es aux cadres des unit\u00e9s TAP, des formations de sp\u00e9cialisation \u00e0 l\u2019attention des largueurs, chefs-largueurs, chuteurs op\u00e9rationnels, pilotes tandem, moniteurs parachutistes et instructeurs au saut \u00e0 ouverture command\u00e9e. Ces formations repr\u00e9sentent 4000 stagiaires par an r\u00e9partis en 40 actions de formations pour environ 44000 sauts.<\/p><h4>Contact<\/h4><p>\u00c9cole des troupes a\u00e9roport\u00e9es<br \/>Camp Aspirant Zirnheld<br \/>BP 594<br \/>64010 Pau CEDEX<\/p><p>T\u00e9l : 05 59 40 49 34<\/p>\t\t\t\t\t\t<\/div>\n\t\t\t\t<\/div>\n\t\t\t\t\t<\/div>\n\t\t<\/div>\n\t\t\t\t\t<\/div>\n\t\t<\/section>\n\t\t\t\t<\/div>\n\t\t","protected":false},"excerpt":{"rendered":"<p>L\u2019Ecole des troupes a\u00e9roport\u00e9es (ETAP) est principalement charg\u00e9e de la formation des parachutistes des trois arm\u00e9es et de la gendarmerie. Elle d\u00e9pend de la 11\u00e8me Brigade parachutiste depuis 2014 et est situ\u00e9e sur le camp Aspirant Zirnheld au nord de la ville de Pau. Les premiers centres d\u2019instruction au saut en France apparaissent en 1946. Le 16 avril 1946, ils sont regroup\u00e9s au sein d\u2019un Centre Ecole des Troupes a\u00e9roport\u00e9es, le CETAP. Anc\u00eatre de l\u2019ETAP, le CETAP change de nom le 1er juin 1947. Mission et formations L\u2019ETAP est principalement charg\u00e9e de la formation individuelle et collective, technique et tactique des parachutistes, cadres ou militaires de rang des trois arm\u00e9es et de la gendarmerie. Mais elle participe aussi aux \u00e9tudes et aux exp\u00e9rimentations parachutistes. Elle dispense des formations initiales destin\u00e9es \u00e0 l\u2019obtention du brevet de parachutiste militaire et du brevet pr\u00e9liminaire, des formations d\u2019application destin\u00e9es aux cadres des unit\u00e9s TAP, des formations de sp\u00e9cialisation \u00e0 l\u2019attention des largueurs, chefs-largueurs, chuteurs op\u00e9rationnels, pilotes tandem, moniteurs parachutistes et instructeurs au saut \u00e0 ouverture command\u00e9e. Ces formations repr\u00e9sentent 4000 stagiaires par an r\u00e9partis en 40 actions de formations pour environ 44000 sauts. Contact \u00c9cole des troupes a\u00e9roport\u00e9esCamp Aspirant ZirnheldBP 59464010 Pau CEDEX T\u00e9l : 05 59 40 49 34<\/p>\n","protected":false},"author":1,"featured_media":0,"parent":0,"menu_order":0,"comment_status":"closed","ping_status":"closed","template":"","meta":{"footnotes":""},"class_list":["post-184","page","type-page","status-publish","hentry"],"jetpack_sharing_enabled":true,"_links":{"self":[{"href":"https:\/\/museedesparachutistes.com\/index.php?rest_route=\/wp\/v2\/pages\/184"}],"collection":[{"href":"https:\/\/museedesparachutistes.com\/index.php?rest_route=\/wp\/v2\/pages"}],"about":[{"href":"https:\/\/museedesparachutistes.com\/index.php?rest_route=\/wp\/v2\/types\/page"}],"author":[{"embeddable":true,"href":"https:\/\/museedesparachutistes.com\/index.php?rest_route=\/wp\/v2\/users\/1"}],"replies":[{"embeddable":true,"href":"https:\/\/museedesparachutistes.com\/index.php?rest_route=%2Fwp%2Fv2%2Fcomments&post=184"}],"version-history":[{"count":8,"href":"https:\/\/museedesparachutistes.com\/index.php?rest_route=\/wp\/v2\/pages\/184\/revisions"}],"predecessor-version":[{"id":1357,"href":"https:\/\/museedesparachutistes.com\/index.php?rest_route=\/wp\/v2\/pages\/184\/revisions\/1357"}],"wp:attachment":[{"href":"https:\/\/museedesparachutistes.com\/index.php?rest_route=%2Fwp%2Fv2%2Fmedia&parent=184"}],"curies":[{"name":"wp","href":"https:\/\/api.w.org\/{rel}","templated":true}]}}