{"id":188,"date":"2023-05-09T14:19:15","date_gmt":"2023-05-09T12:19:15","guid":{"rendered":"http:\/\/museedesparachutistes.com\/?page_id=188"},"modified":"2024-09-03T10:56:15","modified_gmt":"2024-09-03T08:56:15","slug":"soutenir-le-musee","status":"publish","type":"page","link":"https:\/\/museedesparachutistes.com\/?page_id=188","title":{"rendered":"Soutenir le mus\u00e9e"},"content":{"rendered":"<style>\/*! elementor - v3.20.0 - 26-03-2024 *\/\n.elementor-heading-title{padding:0;margin:0;line-height:1}.elementor-widget-heading .elementor-heading-title[class*=elementor-size-]>a{color:inherit;font-size:inherit;line-height:inherit}.elementor-widget-heading .elementor-heading-title.elementor-size-small{font-size:15px}.elementor-widget-heading .elementor-heading-title.elementor-size-medium{font-size:19px}.elementor-widget-heading .elementor-heading-title.elementor-size-large{font-size:29px}.elementor-widget-heading .elementor-heading-title.elementor-size-xl{font-size:39px}.elementor-widget-heading .elementor-heading-title.elementor-size-xxl{font-size:59px}<\/style>\n<h2>Nous avons besoin de vous, soutenez le mus\u00e9e !<\/h2>\n<p>Le\u00a0<strong>Mus\u00e9e m\u00e9morial des parachutistes<\/strong>\u00a0fonctionne gr\u00e2ce \u00e0 l&rsquo;aide de ses b\u00e9n\u00e9voles et \u00e0 la g\u00e9n\u00e9rosit\u00e9 de ses visiteurs.<\/p>\n<p>Si vous souhaitez aider le mus\u00e9e, vous pouvez le faire de diff\u00e9rentes fa\u00e7ons.<\/p>\n<h5>Faire un don de documentation<\/h5>\n<p>Que ce soit \u00e0 propos de votre histoire personnelle au sein des troupes a\u00e9roport\u00e9es ou de la documentation qui concerne plus g\u00e9n\u00e9ralement les \u00e9v\u00e8nements du XXe et XXIe si\u00e8cles, n&rsquo;h\u00e9sitez pas \u00e0 vous rapprocher de l&rsquo;\u00e9quipe du mus\u00e9e. Vos documents rejoindront le centre des archives du mus\u00e9e.<\/p>\n<h5>Faire un don de mat\u00e9riel<\/h5>\n<p>Les collections du mus\u00e9e des parachutistes sont constitu\u00e9es de nombreux dons re\u00e7us au fil des ann\u00e9es. Faire un don de mat\u00e9riel vous permet d&rsquo;apporter votre pierre \u00e0 la construction de la m\u00e9moire des troupes a\u00e9roport\u00e9es.<br \/>N&rsquo;h\u00e9sitez pas \u00e0 vous rapprocher de l&rsquo;\u00e9quipe du mus\u00e9e.<\/p>\n<h5>Faire un don financier<\/h5>\n<p>Depuis quelques ann\u00e9es, le\u00a0<strong>Mus\u00e9e m\u00e9morial des parachutistes<\/strong>\u00a0a pour projet d&rsquo;agrandir sa surface afin d&rsquo;am\u00e9liorer sa sc\u00e9nographie et offrir une meilleure exp\u00e9rience aux visiteurs.La premi\u00e8re \u00e9tape de cet agrandissement est la crypte (B). L&rsquo;\u00e9largissement de la surface permettrait d&rsquo;am\u00e9liorer l&rsquo;espace de comm\u00e9moration des unit\u00e9s a\u00e9roport\u00e9es et de favoriser l&rsquo;acc\u00e8s des visiteurs \u00e0 la crypte.<br \/>La seconde \u00e9tape concernera des agrandissements lat\u00e9raux en vue de cr\u00e9er des salles (A et C) pour exposer de nouvelles th\u00e9matiques, comme le parachute ou les op\u00e9rations r\u00e9centes.<\/p>\n<p>Si vous souhaitez contribuer au projet d&rsquo;agrandissement de la crypte, remplissez le<strong>\u00a0<a href=\"https:\/\/museedesparachutistes.com\/wp-content\/uploads\/2024\/05\/Bon-souscription-1.pdf\" target=\"_blank\" rel=\"noopener\">bon de souscription<\/a>\u00a0<\/strong>et adressez-le accompagn\u00e9 de votre r\u00e8glement par ch\u00e8que \u00e0 l&rsquo;ordre de l&rsquo;Union National des Parachutistes 640\u00a0(UNP 640) \u00e0 l&rsquo;adresse suivante:<\/p>\n<p><strong>Chemin d&rsquo;Astra<\/strong><br \/><strong>64140 LONS<\/strong><\/p>\n","protected":false},"excerpt":{"rendered":"<p>Nous avons besoin de vous, soutenez le mus\u00e9e ! Le\u00a0Mus\u00e9e m\u00e9morial des parachutistes\u00a0fonctionne gr\u00e2ce \u00e0 l&rsquo;aide de ses b\u00e9n\u00e9voles et \u00e0 la g\u00e9n\u00e9rosit\u00e9 de ses visiteurs. Si vous souhaitez aider le mus\u00e9e, vous pouvez le faire de diff\u00e9rentes fa\u00e7ons. Faire un don de documentation Que ce soit \u00e0 propos de votre histoire personnelle au sein des troupes a\u00e9roport\u00e9es ou de la documentation qui concerne plus g\u00e9n\u00e9ralement les \u00e9v\u00e8nements du XXe et XXIe si\u00e8cles, n&rsquo;h\u00e9sitez pas \u00e0 vous rapprocher de l&rsquo;\u00e9quipe du mus\u00e9e. Vos documents rejoindront le centre des archives du mus\u00e9e. Faire un don de mat\u00e9riel Les collections du mus\u00e9e des parachutistes sont constitu\u00e9es de nombreux dons re\u00e7us au fil des ann\u00e9es. Faire un don de mat\u00e9riel vous permet d&rsquo;apporter votre pierre \u00e0 la construction de la m\u00e9moire des troupes a\u00e9roport\u00e9es.N&rsquo;h\u00e9sitez pas \u00e0 vous rapprocher de l&rsquo;\u00e9quipe du mus\u00e9e. Faire un don financier Depuis quelques ann\u00e9es, le\u00a0Mus\u00e9e m\u00e9morial des parachutistes\u00a0a pour projet d&rsquo;agrandir sa surface afin d&rsquo;am\u00e9liorer sa sc\u00e9nographie et offrir une meilleure exp\u00e9rience aux visiteurs.La premi\u00e8re \u00e9tape de cet agrandissement est la crypte (B). L&rsquo;\u00e9largissement de la surface permettrait d&rsquo;am\u00e9liorer l&rsquo;espace de comm\u00e9moration des unit\u00e9s a\u00e9roport\u00e9es et de favoriser l&rsquo;acc\u00e8s des visiteurs \u00e0 la crypte.La seconde \u00e9tape concernera des agrandissements lat\u00e9raux en vue de cr\u00e9er des salles (A et C) pour exposer de nouvelles th\u00e9matiques, comme le parachute ou les op\u00e9rations r\u00e9centes. Si vous souhaitez contribuer au projet d&rsquo;agrandissement de la crypte, remplissez le\u00a0bon de souscription\u00a0et adressez-le accompagn\u00e9 de votre r\u00e8glement par ch\u00e8que \u00e0 l&rsquo;ordre de l&rsquo;Union National des Parachutistes 640\u00a0(UNP 640) \u00e0 l&rsquo;adresse suivante: Chemin d&rsquo;Astra64140 LONS<\/p>\n","protected":false},"author":1,"featured_media":0,"parent":0,"menu_order":0,"comment_status":"closed","ping_status":"closed","template":"","meta":{"footnotes":""},"class_list":["post-188","page","type-page","status-publish","hentry"],"jetpack_sharing_enabled":true,"_links":{"self":[{"href":"https:\/\/museedesparachutistes.com\/index.php?rest_route=\/wp\/v2\/pages\/188"}],"collection":[{"href":"https:\/\/museedesparachutistes.com\/index.php?rest_route=\/wp\/v2\/pages"}],"about":[{"href":"https:\/\/museedesparachutistes.com\/index.php?rest_route=\/wp\/v2\/types\/page"}],"author":[{"embeddable":true,"href":"https:\/\/museedesparachutistes.com\/index.php?rest_route=\/wp\/v2\/users\/1"}],"replies":[{"embeddable":true,"href":"https:\/\/museedesparachutistes.com\/index.php?rest_route=%2Fwp%2Fv2%2Fcomments&post=188"}],"version-history":[{"count":11,"href":"https:\/\/museedesparachutistes.com\/index.php?rest_route=\/wp\/v2\/pages\/188\/revisions"}],"predecessor-version":[{"id":1021,"href":"https:\/\/museedesparachutistes.com\/index.php?rest_route=\/wp\/v2\/pages\/188\/revisions\/1021"}],"wp:attachment":[{"href":"https:\/\/museedesparachutistes.com\/index.php?rest_route=%2Fwp%2Fv2%2Fmedia&parent=188"}],"curies":[{"name":"wp","href":"https:\/\/api.w.org\/{rel}","templated":true}]}}