{"id":230,"date":"2023-05-09T15:27:36","date_gmt":"2023-05-09T13:27:36","guid":{"rendered":"http:\/\/museedesparachutistes.com\/?page_id=230"},"modified":"2023-05-23T10:01:09","modified_gmt":"2023-05-23T08:01:09","slug":"offres-de-stage","status":"publish","type":"page","link":"https:\/\/museedesparachutistes.com\/?page_id=230","title":{"rendered":"Offres de stage"},"content":{"rendered":"\t\t<div data-elementor-type=\"wp-page\" data-elementor-id=\"230\" class=\"elementor elementor-230\">\n\t\t\t\t\t\t<section class=\"elementor-section elementor-top-section elementor-element elementor-element-7f9e1f7 elementor-section-boxed elementor-section-height-default elementor-section-height-default\" data-id=\"7f9e1f7\" data-element_type=\"section\">\n\t\t\t\t\t\t<div class=\"elementor-container elementor-column-gap-default\">\n\t\t\t\t\t<div class=\"elementor-column elementor-col-100 elementor-top-column elementor-element elementor-element-9bb0be6\" data-id=\"9bb0be6\" data-element_type=\"column\">\n\t\t\t<div class=\"elementor-widget-wrap\">\n\t\t\t\t\t\t\t<\/div>\n\t\t<\/div>\n\t\t\t\t\t<\/div>\n\t\t<\/section>\n\t\t\t\t<section class=\"elementor-section elementor-top-section elementor-element elementor-element-a412593 elementor-section-boxed elementor-section-height-default elementor-section-height-default\" data-id=\"a412593\" data-element_type=\"section\">\n\t\t\t\t\t\t<div class=\"elementor-container elementor-column-gap-default\">\n\t\t\t\t\t<div class=\"elementor-column elementor-col-100 elementor-top-column elementor-element elementor-element-aa35ee6\" data-id=\"aa35ee6\" data-element_type=\"column\">\n\t\t\t<div class=\"elementor-widget-wrap elementor-element-populated\">\n\t\t\t\t\t\t<div class=\"elementor-element elementor-element-08ec2d2 elementor-widget elementor-widget-text-editor\" data-id=\"08ec2d2\" data-element_type=\"widget\" data-widget_type=\"text-editor.default\">\n\t\t\t\t<div class=\"elementor-widget-container\">\n\t\t\t<style>\/*! elementor - v3.20.0 - 26-03-2024 *\/\n.elementor-widget-text-editor.elementor-drop-cap-view-stacked .elementor-drop-cap{background-color:#69727d;color:#fff}.elementor-widget-text-editor.elementor-drop-cap-view-framed .elementor-drop-cap{color:#69727d;border:3px solid;background-color:transparent}.elementor-widget-text-editor:not(.elementor-drop-cap-view-default) .elementor-drop-cap{margin-top:8px}.elementor-widget-text-editor:not(.elementor-drop-cap-view-default) .elementor-drop-cap-letter{width:1em;height:1em}.elementor-widget-text-editor .elementor-drop-cap{float:left;text-align:center;line-height:1;font-size:50px}.elementor-widget-text-editor .elementor-drop-cap-letter{display:inline-block}<\/style>\t\t\t\t<p>Le Mus\u00e9e m\u00e9morial des parachutistes est un milieu de travail stimulant o\u00f9 se c\u00f4toient des passionn\u00e9s d\u2019histoire, et de patrimoine.<\/p><p>Chaque stagiaire re\u00e7oit un projet pr\u00e9cis et fait partie d\u2019un groupe de travail qui l\u2019associe \u00e0 l\u2019activit\u00e9 quotidienne du mus\u00e9e gr\u00e2ce \u00e0 des fonctions d\u2019aide dans diff\u00e9rents services : conservation et recherche, service des publics, r\u00e9gie des collections, documentation, archives et autres.<\/p><p>Le souhait est de faciliter la pratique, la mise en rapport et l\u2019approfondissement des comp\u00e9tences acad\u00e9miques et professionnelles mutuelles.<\/p><p>Toute personne int\u00e9ress\u00e9e \u00e0 postuler est invit\u00e9e \u00e0 faire parvenir son curriculum vitae ainsi qu\u2019une lettre de motivation \u00e0 <span style=\"text-decoration: underline;\">musee.parachutistes@gmail.com<\/span><\/p>\t\t\t\t\t\t<\/div>\n\t\t\t\t<\/div>\n\t\t\t\t\t<\/div>\n\t\t<\/div>\n\t\t\t\t\t<\/div>\n\t\t<\/section>\n\t\t\t\t<section class=\"elementor-section elementor-top-section elementor-element elementor-element-1860126 elementor-section-boxed elementor-section-height-default elementor-section-height-default\" data-id=\"1860126\" data-element_type=\"section\">\n\t\t\t\t\t\t<div class=\"elementor-container elementor-column-gap-default\">\n\t\t\t\t\t<div class=\"elementor-column elementor-col-100 elementor-top-column elementor-element elementor-element-1162be0\" data-id=\"1162be0\" data-element_type=\"column\">\n\t\t\t<div class=\"elementor-widget-wrap elementor-element-populated\">\n\t\t\t\t\t\t<div class=\"elementor-element elementor-element-82a3705 elementor-widget elementor-widget-heading\" data-id=\"82a3705\" data-element_type=\"widget\" data-widget_type=\"heading.default\">\n\t\t\t\t<div class=\"elementor-widget-container\">\n\t\t\t<style>\/*! elementor - v3.20.0 - 26-03-2024 *\/\n.elementor-heading-title{padding:0;margin:0;line-height:1}.elementor-widget-heading .elementor-heading-title[class*=elementor-size-]>a{color:inherit;font-size:inherit;line-height:inherit}.elementor-widget-heading .elementor-heading-title.elementor-size-small{font-size:15px}.elementor-widget-heading .elementor-heading-title.elementor-size-medium{font-size:19px}.elementor-widget-heading .elementor-heading-title.elementor-size-large{font-size:29px}.elementor-widget-heading .elementor-heading-title.elementor-size-xl{font-size:39px}.elementor-widget-heading .elementor-heading-title.elementor-size-xxl{font-size:59px}<\/style><h4 class=\"elementor-heading-title elementor-size-default\">Autres stages<\/h4>\t\t<\/div>\n\t\t\t\t<\/div>\n\t\t\t\t\t<\/div>\n\t\t<\/div>\n\t\t\t\t\t<\/div>\n\t\t<\/section>\n\t\t\t\t<section class=\"elementor-section elementor-top-section elementor-element elementor-element-1ed7881 elementor-section-boxed elementor-section-height-default elementor-section-height-default\" data-id=\"1ed7881\" data-element_type=\"section\">\n\t\t\t\t\t\t<div class=\"elementor-container elementor-column-gap-default\">\n\t\t\t\t\t<div class=\"elementor-column elementor-col-100 elementor-top-column elementor-element elementor-element-e9c5c8e\" data-id=\"e9c5c8e\" data-element_type=\"column\">\n\t\t\t<div class=\"elementor-widget-wrap elementor-element-populated\">\n\t\t\t\t\t\t<div class=\"elementor-element elementor-element-874e2d8 elementor-widget elementor-widget-text-editor\" data-id=\"874e2d8\" data-element_type=\"widget\" data-widget_type=\"text-editor.default\">\n\t\t\t\t<div class=\"elementor-widget-container\">\n\t\t\t\t\t\t\t<p>Le mus\u00e9e accepte \u00e9galement les candidatures spontan\u00e9es pour des stages de niveaux diff\u00e9rents, tels que\u00a0:<\/p><p>&#8211; coll\u00e8ge, avec un \u00e2ge minimum de 14 ans (stage d&rsquo;observation en milieu professionnel pour les \u00e9l\u00e8ves de troisi\u00e8me)\u00a0;<\/p><p>&#8211; lyc\u00e9e, que ce soit la fili\u00e8re g\u00e9n\u00e9rale ou technologique, ou la section de technicien sup\u00e9rieur\u00a0;<\/p><p>&#8211; universitaire depuis le premier cycle.\u00a0\u00bb.<\/p><p>Le mus\u00e9e \u00e9tudie avec attention toute demande spontan\u00e9e qui lui est adress\u00e9e.<\/p>\t\t\t\t\t\t<\/div>\n\t\t\t\t<\/div>\n\t\t\t\t\t<\/div>\n\t\t<\/div>\n\t\t\t\t\t<\/div>\n\t\t<\/section>\n\t\t\t\t<\/div>\n\t\t","protected":false},"excerpt":{"rendered":"<p>Le Mus\u00e9e m\u00e9morial des parachutistes est un milieu de travail stimulant o\u00f9 se c\u00f4toient des passionn\u00e9s d\u2019histoire, et de patrimoine. Chaque stagiaire re\u00e7oit un projet pr\u00e9cis et fait partie d\u2019un groupe de travail qui l\u2019associe \u00e0 l\u2019activit\u00e9 quotidienne du mus\u00e9e gr\u00e2ce \u00e0 des fonctions d\u2019aide dans diff\u00e9rents services : conservation et recherche, service des publics, r\u00e9gie des collections, documentation, archives et autres. Le souhait est de faciliter la pratique, la mise en rapport et l\u2019approfondissement des comp\u00e9tences acad\u00e9miques et professionnelles mutuelles. Toute personne int\u00e9ress\u00e9e \u00e0 postuler est invit\u00e9e \u00e0 faire parvenir son curriculum vitae ainsi qu\u2019une lettre de motivation \u00e0 musee.parachutistes@gmail.com Autres stages Le mus\u00e9e accepte \u00e9galement les candidatures spontan\u00e9es pour des stages de niveaux diff\u00e9rents, tels que\u00a0: &#8211; coll\u00e8ge, avec un \u00e2ge minimum de 14 ans (stage d&rsquo;observation en milieu professionnel pour les \u00e9l\u00e8ves de troisi\u00e8me)\u00a0; &#8211; lyc\u00e9e, que ce soit la fili\u00e8re g\u00e9n\u00e9rale ou technologique, ou la section de technicien sup\u00e9rieur\u00a0; &#8211; universitaire depuis le premier cycle.\u00a0\u00bb. Le mus\u00e9e \u00e9tudie avec attention toute demande spontan\u00e9e qui lui est adress\u00e9e.<\/p>\n","protected":false},"author":1,"featured_media":0,"parent":0,"menu_order":0,"comment_status":"closed","ping_status":"closed","template":"","meta":{"footnotes":""},"class_list":["post-230","page","type-page","status-publish","hentry"],"jetpack_sharing_enabled":true,"_links":{"self":[{"href":"https:\/\/museedesparachutistes.com\/index.php?rest_route=\/wp\/v2\/pages\/230"}],"collection":[{"href":"https:\/\/museedesparachutistes.com\/index.php?rest_route=\/wp\/v2\/pages"}],"about":[{"href":"https:\/\/museedesparachutistes.com\/index.php?rest_route=\/wp\/v2\/types\/page"}],"author":[{"embeddable":true,"href":"https:\/\/museedesparachutistes.com\/index.php?rest_route=\/wp\/v2\/users\/1"}],"replies":[{"embeddable":true,"href":"https:\/\/museedesparachutistes.com\/index.php?rest_route=%2Fwp%2Fv2%2Fcomments&post=230"}],"version-history":[{"count":10,"href":"https:\/\/museedesparachutistes.com\/index.php?rest_route=\/wp\/v2\/pages\/230\/revisions"}],"predecessor-version":[{"id":480,"href":"https:\/\/museedesparachutistes.com\/index.php?rest_route=\/wp\/v2\/pages\/230\/revisions\/480"}],"wp:attachment":[{"href":"https:\/\/museedesparachutistes.com\/index.php?rest_route=%2Fwp%2Fv2%2Fmedia&parent=230"}],"curies":[{"name":"wp","href":"https:\/\/api.w.org\/{rel}","templated":true}]}}