{"id":232,"date":"2023-05-09T15:27:56","date_gmt":"2023-05-09T13:27:56","guid":{"rendered":"http:\/\/museedesparachutistes.com\/?page_id=232"},"modified":"2023-05-11T11:36:40","modified_gmt":"2023-05-11T09:36:40","slug":"qualite-tourisme","status":"publish","type":"page","link":"https:\/\/museedesparachutistes.com\/?page_id=232","title":{"rendered":"Qualit\u00e9 Tourisme"},"content":{"rendered":"\t\t<div data-elementor-type=\"wp-page\" data-elementor-id=\"232\" class=\"elementor elementor-232\">\n\t\t\t\t\t\t<section class=\"elementor-section elementor-top-section elementor-element elementor-element-b5856c8 elementor-section-boxed elementor-section-height-default elementor-section-height-default\" data-id=\"b5856c8\" data-element_type=\"section\">\n\t\t\t\t\t\t<div class=\"elementor-container elementor-column-gap-default\">\n\t\t\t\t\t<div class=\"elementor-column elementor-col-100 elementor-top-column elementor-element elementor-element-fdc0c40\" data-id=\"fdc0c40\" data-element_type=\"column\">\n\t\t\t<div class=\"elementor-widget-wrap\">\n\t\t\t\t\t\t\t<\/div>\n\t\t<\/div>\n\t\t\t\t\t<\/div>\n\t\t<\/section>\n\t\t\t\t<section class=\"elementor-section elementor-top-section elementor-element elementor-element-85115f2 elementor-section-boxed elementor-section-height-default elementor-section-height-default\" data-id=\"85115f2\" data-element_type=\"section\">\n\t\t\t\t\t\t<div class=\"elementor-container elementor-column-gap-default\">\n\t\t\t\t\t<div class=\"elementor-column elementor-col-100 elementor-top-column elementor-element elementor-element-7a49a42\" data-id=\"7a49a42\" data-element_type=\"column\">\n\t\t\t<div class=\"elementor-widget-wrap elementor-element-populated\">\n\t\t\t\t\t\t<div class=\"elementor-element elementor-element-6426b47 elementor-widget elementor-widget-text-editor\" data-id=\"6426b47\" data-element_type=\"widget\" data-widget_type=\"text-editor.default\">\n\t\t\t\t<div class=\"elementor-widget-container\">\n\t\t\t<style>\/*! elementor - v3.20.0 - 26-03-2024 *\/\n.elementor-widget-text-editor.elementor-drop-cap-view-stacked .elementor-drop-cap{background-color:#69727d;color:#fff}.elementor-widget-text-editor.elementor-drop-cap-view-framed .elementor-drop-cap{color:#69727d;border:3px solid;background-color:transparent}.elementor-widget-text-editor:not(.elementor-drop-cap-view-default) .elementor-drop-cap{margin-top:8px}.elementor-widget-text-editor:not(.elementor-drop-cap-view-default) .elementor-drop-cap-letter{width:1em;height:1em}.elementor-widget-text-editor .elementor-drop-cap{float:left;text-align:center;line-height:1;font-size:50px}.elementor-widget-text-editor .elementor-drop-cap-letter{display:inline-block}<\/style>\t\t\t\t<p><strong>Le Mus\u00e9e m\u00e9morial des parachutistes\u00a0<\/strong>est en cours d\u2019accompagnement pour obtenir la marque Qualit\u00e9 Tourisme\u2122, \u00a0d\u00e9marche qualit\u00e9 conforme aux\u00a0<a href=\"https:\/\/web.archive.org\/web\/20210128175655\/https:\/\/www.entreprises.gouv.fr\/qualite-tourisme\"><strong>Engagements Nationaux de Qualit\u00e9<\/strong><\/a>\u00a0qui repr\u00e9sentent les exigences essentielles \u00e0 la satisfaction de sa client\u00e8le. Ces proc\u00e9dures nous permettent d\u2019am\u00e9liorer de fa\u00e7on continue nos prestations pour toujours mieux satisfaire notre client\u00e8le.<\/p><p><strong>VOTRE AVIS NOUS INT\u00c9RESSE !<\/strong><\/p><p>Afin de nous aider \u00e0 am\u00e9liorer la qualit\u00e9 de notre accueil et de nos services, nous vous remercions de bien vouloir remplir ce questionnaire de satisfaction !<\/p>\t\t\t\t\t\t<\/div>\n\t\t\t\t<\/div>\n\t\t\t\t\t<\/div>\n\t\t<\/div>\n\t\t\t\t\t<\/div>\n\t\t<\/section>\n\t\t\t\t<\/div>\n\t\t","protected":false},"excerpt":{"rendered":"<p>Le Mus\u00e9e m\u00e9morial des parachutistes\u00a0est en cours d\u2019accompagnement pour obtenir la marque Qualit\u00e9 Tourisme\u2122, \u00a0d\u00e9marche qualit\u00e9 conforme aux\u00a0Engagements Nationaux de Qualit\u00e9\u00a0qui repr\u00e9sentent les exigences essentielles \u00e0 la satisfaction de sa client\u00e8le. Ces proc\u00e9dures nous permettent d\u2019am\u00e9liorer de fa\u00e7on continue nos prestations pour toujours mieux satisfaire notre client\u00e8le. VOTRE AVIS NOUS INT\u00c9RESSE ! Afin de nous aider \u00e0 am\u00e9liorer la qualit\u00e9 de notre accueil et de nos services, nous vous remercions de bien vouloir remplir ce questionnaire de satisfaction !<\/p>\n","protected":false},"author":1,"featured_media":0,"parent":0,"menu_order":0,"comment_status":"closed","ping_status":"closed","template":"","meta":{"footnotes":""},"class_list":["post-232","page","type-page","status-publish","hentry"],"jetpack_sharing_enabled":true,"_links":{"self":[{"href":"https:\/\/museedesparachutistes.com\/index.php?rest_route=\/wp\/v2\/pages\/232"}],"collection":[{"href":"https:\/\/museedesparachutistes.com\/index.php?rest_route=\/wp\/v2\/pages"}],"about":[{"href":"https:\/\/museedesparachutistes.com\/index.php?rest_route=\/wp\/v2\/types\/page"}],"author":[{"embeddable":true,"href":"https:\/\/museedesparachutistes.com\/index.php?rest_route=\/wp\/v2\/users\/1"}],"replies":[{"embeddable":true,"href":"https:\/\/museedesparachutistes.com\/index.php?rest_route=%2Fwp%2Fv2%2Fcomments&post=232"}],"version-history":[{"count":7,"href":"https:\/\/museedesparachutistes.com\/index.php?rest_route=\/wp\/v2\/pages\/232\/revisions"}],"predecessor-version":[{"id":336,"href":"https:\/\/museedesparachutistes.com\/index.php?rest_route=\/wp\/v2\/pages\/232\/revisions\/336"}],"wp:attachment":[{"href":"https:\/\/museedesparachutistes.com\/index.php?rest_route=%2Fwp%2Fv2%2Fmedia&parent=232"}],"curies":[{"name":"wp","href":"https:\/\/api.w.org\/{rel}","templated":true}]}}