{"id":64,"date":"2023-05-09T10:51:57","date_gmt":"2023-05-09T08:51:57","guid":{"rendered":"http:\/\/museedesparachutistes.com\/?page_id=64"},"modified":"2025-10-17T16:25:49","modified_gmt":"2025-10-17T14:25:49","slug":"informations-pratiques","status":"publish","type":"page","link":"https:\/\/museedesparachutistes.com\/?page_id=64","title":{"rendered":"Informations pratiques"},"content":{"rendered":"<p style=\"box-sizing: inherit; margin-bottom: 20px; color: #3c3c3c; font-family: 'Open Sans', sans-serif; font-size: 14px; font-style: normal;\">Le mus\u00e9e est ouvert tous les jours, \u00e0 l&rsquo;exception du vendredi, de 14 heures \u00e0 17 heures.\u00a0<br style=\"box-sizing: inherit;\" \/>Accueil des groupes sur r\u00e9servation le matin de 09 heures \u00e0 12 heures.<\/p>\n<p style=\"box-sizing: inherit; margin-bottom: 20px; color: #3c3c3c; font-family: 'Open Sans', sans-serif; font-size: 14px; font-style: normal; font-weight: 400;\"><u style=\"box-sizing: inherit;\">Fermetures exceptionnelles\u00a0<\/u>:<\/p>\n<p style=\"box-sizing: inherit; margin-bottom: 20px; color: #3c3c3c; font-family: 'Open Sans', sans-serif; font-size: 14px; font-style: normal; font-weight: 400;\">1er\u00a0janvier<\/p>\n<p style=\"box-sizing: inherit; margin-bottom: 20px; color: #3c3c3c; font-family: 'Open Sans', sans-serif; font-size: 14px; font-style: normal; font-weight: 400;\">1er\u00a0mai<\/p>\n<p style=\"box-sizing: inherit; margin-bottom: 20px; color: #3c3c3c; font-family: 'Open Sans', sans-serif; font-size: 14px; font-style: normal; font-weight: 400;\">1er\u00a0novembre<\/p>\n<p style=\"box-sizing: inherit; margin-bottom: 20px; color: #3c3c3c; font-family: 'Open Sans', sans-serif; font-size: 14px; font-style: normal; font-weight: 400;\">25 d\u00e9cembre<\/p>\n<p style=\"box-sizing: inherit; margin-bottom: 20px; color: #3c3c3c; font-family: 'Open Sans', sans-serif; font-size: 14px; font-style: normal; font-weight: 400;\">Dur\u00e9e moyenne de visite\u00a0: de 1 heure 30 \u00e0 2 heures.<\/p>\n<p style=\"box-sizing: inherit; margin-bottom: 20px; color: #3c3c3c; font-family: 'Open Sans', sans-serif; font-size: 14px; font-style: normal; font-weight: 400;\">Derni\u00e8re visite conseill\u00e9e 1 heure avant la fermeture.<\/p>\n<p style=\"box-sizing: inherit; margin-bottom: 20px; color: #3c3c3c; font-family: 'Open Sans', sans-serif; font-size: 14px; font-style: normal; font-weight: 400;\">L&rsquo;entr\u00e9e dans le Mus\u00e9e m\u00e9morial est suspendue 30 minutes avant sa fermeture et les mesures d&rsquo;\u00e9vacuation des salles commencent 10 minutes avant la fermeture du mus\u00e9e.<\/p>\n<p style=\"box-sizing: inherit; margin-bottom: 20px; color: #3c3c3c; font-family: 'Open Sans', sans-serif; font-size: 14px; font-style: normal;\">Pour les <b>groupes constitu\u00e9s, hors groupes scolaires,\u00a0<\/b>souhaitant un <b>accompagnement<\/b> au cours de leur visite, une participation \u00e0 hauteur de <b>5\u20ac par personne<\/b> est demand\u00e9e.<\/p>\n<p style=\"box-sizing: inherit; margin-bottom: 20px; color: #3c3c3c; font-family: 'Open Sans', sans-serif; font-size: 14px; font-style: normal;\">Pour les visiteurs<b> sans accompagnement<\/b>, le mus\u00e9e est\u00a0<strong style=\"font-weight: 400; letter-spacing: 0px; box-sizing: inherit;\">gratuit<\/strong>, n\u00e9anmoins les visiteurs ont la possibilit\u00e9 de verser une\u00a0<strong style=\"font-weight: 400; letter-spacing: 0px; box-sizing: inherit;\">libre participation<\/strong>. La volont\u00e9 du mus\u00e9e est de permettre \u00e0 un plus grand nombre d&rsquo;avoir acc\u00e8s au riche patrimoine de l&rsquo;arm\u00e9e de terre et au seul mus\u00e9e d&rsquo;histoire contemporaine du d\u00e9partement.<\/p>\n","protected":false},"excerpt":{"rendered":"<p>Le mus\u00e9e est ouvert tous les jours, \u00e0 l&rsquo;exception du vendredi, de 14 heures \u00e0 17 heures.\u00a0Accueil des groupes sur r\u00e9servation le matin de 09 heures \u00e0 12 heures. Fermetures exceptionnelles\u00a0: 1er\u00a0janvier 1er\u00a0mai 1er\u00a0novembre 25 d\u00e9cembre Dur\u00e9e moyenne de visite\u00a0: de 1 heure 30 \u00e0 2 heures. Derni\u00e8re visite conseill\u00e9e 1 heure avant la fermeture. L&rsquo;entr\u00e9e dans le Mus\u00e9e m\u00e9morial est suspendue 30 minutes avant sa fermeture et les mesures d&rsquo;\u00e9vacuation des salles commencent 10 minutes avant la fermeture du mus\u00e9e. Pour les groupes constitu\u00e9s, hors groupes scolaires,\u00a0souhaitant un accompagnement au cours de leur visite, une participation \u00e0 hauteur de 5\u20ac par personne est demand\u00e9e. Pour les visiteurs sans accompagnement, le mus\u00e9e est\u00a0gratuit, n\u00e9anmoins les visiteurs ont la possibilit\u00e9 de verser une\u00a0libre participation. La volont\u00e9 du mus\u00e9e est de permettre \u00e0 un plus grand nombre d&rsquo;avoir acc\u00e8s au riche patrimoine de l&rsquo;arm\u00e9e de terre et au seul mus\u00e9e d&rsquo;histoire contemporaine du d\u00e9partement.<\/p>\n","protected":false},"author":1,"featured_media":0,"parent":0,"menu_order":0,"comment_status":"closed","ping_status":"closed","template":"","meta":{"footnotes":""},"class_list":["post-64","page","type-page","status-publish","hentry"],"jetpack_sharing_enabled":true,"_links":{"self":[{"href":"https:\/\/museedesparachutistes.com\/index.php?rest_route=\/wp\/v2\/pages\/64"}],"collection":[{"href":"https:\/\/museedesparachutistes.com\/index.php?rest_route=\/wp\/v2\/pages"}],"about":[{"href":"https:\/\/museedesparachutistes.com\/index.php?rest_route=\/wp\/v2\/types\/page"}],"author":[{"embeddable":true,"href":"https:\/\/museedesparachutistes.com\/index.php?rest_route=\/wp\/v2\/users\/1"}],"replies":[{"embeddable":true,"href":"https:\/\/museedesparachutistes.com\/index.php?rest_route=%2Fwp%2Fv2%2Fcomments&post=64"}],"version-history":[{"count":41,"href":"https:\/\/museedesparachutistes.com\/index.php?rest_route=\/wp\/v2\/pages\/64\/revisions"}],"predecessor-version":[{"id":1521,"href":"https:\/\/museedesparachutistes.com\/index.php?rest_route=\/wp\/v2\/pages\/64\/revisions\/1521"}],"wp:attachment":[{"href":"https:\/\/museedesparachutistes.com\/index.php?rest_route=%2Fwp%2Fv2%2Fmedia&parent=64"}],"curies":[{"name":"wp","href":"https:\/\/api.w.org\/{rel}","templated":true}]}}