{"id":1499,"date":"2025-07-30T17:31:39","date_gmt":"2025-07-30T15:31:39","guid":{"rendered":"https:\/\/museedesparachutistes.com\/?product=brevet-parachutiste-grave-a-votre-numero"},"modified":"2025-07-30T17:32:50","modified_gmt":"2025-07-30T15:32:50","slug":"brevet-parachutiste-grave-a-votre-numero","status":"publish","type":"product","link":"https:\/\/museedesparachutistes.com\/?product=brevet-parachutiste-grave-a-votre-numero","title":{"rendered":"brevet parachutiste OA grav\u00e9 \u00e0 votre numero"},"content":{"rendered":"<p>donnez nous votre num\u00e9ro et recevez v\u00f4tre brevet chez vous<\/p>\n","protected":false},"excerpt":{"rendered":"<p>donnez nous votre num\u00e9ro et recevez v\u00f4tre brevet chez vous<\/p>\n","protected":false},"featured_media":0,"template":"","meta":[],"product_cat":[21],"product_tag":[],"class_list":{"0":"post-1499","1":"product","2":"type-product","3":"status-publish","5":"product_cat-non-classe","7":"first","8":"instock","9":"shipping-taxable","10":"purchasable","11":"product-type-simple"},"jetpack_sharing_enabled":true,"_links":{"self":[{"href":"https:\/\/museedesparachutistes.com\/index.php?rest_route=\/wp\/v2\/product\/1499"}],"collection":[{"href":"https:\/\/museedesparachutistes.com\/index.php?rest_route=\/wp\/v2\/product"}],"about":[{"href":"https:\/\/museedesparachutistes.com\/index.php?rest_route=\/wp\/v2\/types\/product"}],"wp:attachment":[{"href":"https:\/\/museedesparachutistes.com\/index.php?rest_route=%2Fwp%2Fv2%2Fmedia&parent=1499"}],"wp:term":[{"taxonomy":"product_cat","embeddable":true,"href":"https:\/\/museedesparachutistes.com\/index.php?rest_route=%2Fwp%2Fv2%2Fproduct_cat&post=1499"},{"taxonomy":"product_tag","embeddable":true,"href":"https:\/\/museedesparachutistes.com\/index.php?rest_route=%2Fwp%2Fv2%2Fproduct_tag&post=1499"}],"curies":[{"name":"wp","href":"https:\/\/api.w.org\/{rel}","templated":true}]}}