{"id":844,"date":"2024-07-08T16:58:52","date_gmt":"2024-07-08T14:58:52","guid":{"rendered":"https:\/\/museedesparachutistes.com\/?post_type=product&#038;p=844"},"modified":"2024-09-09T13:45:51","modified_gmt":"2024-09-09T11:45:51","slug":"carnet-regiment-priere-du-para-regiment-a-choisir","status":"publish","type":"product","link":"https:\/\/museedesparachutistes.com\/?product=carnet-regiment-priere-du-para-regiment-a-choisir","title":{"rendered":"Carnet r\u00e9giment (r\u00e9giment \u00e0 choisir)"},"content":{"rendered":"<p>10Carnet sans lignes. Premi\u00e8re de couverture : r\u00e9giment \u00e0 choisir parmi la liste. Quatri\u00e8me de couverture : pri\u00e8re du para.<\/p>\n","protected":false},"excerpt":{"rendered":"<p>10Carnet sans lignes. Premi\u00e8re de couverture : r\u00e9giment \u00e0 choisir parmi la liste. Quatri\u00e8me de couverture : pri\u00e8re du para.<\/p>\n","protected":false},"featured_media":920,"template":"","meta":[],"product_cat":[21],"product_tag":[],"class_list":{"0":"post-844","1":"product","2":"type-product","3":"status-publish","4":"has-post-thumbnail","6":"product_cat-non-classe","8":"first","9":"instock","10":"shipping-taxable","11":"purchasable","12":"product-type-variable"},"jetpack_sharing_enabled":true,"_links":{"self":[{"href":"https:\/\/museedesparachutistes.com\/index.php?rest_route=\/wp\/v2\/product\/844"}],"collection":[{"href":"https:\/\/museedesparachutistes.com\/index.php?rest_route=\/wp\/v2\/product"}],"about":[{"href":"https:\/\/museedesparachutistes.com\/index.php?rest_route=\/wp\/v2\/types\/product"}],"wp:featuredmedia":[{"embeddable":true,"href":"https:\/\/museedesparachutistes.com\/index.php?rest_route=\/wp\/v2\/media\/920"}],"wp:attachment":[{"href":"https:\/\/museedesparachutistes.com\/index.php?rest_route=%2Fwp%2Fv2%2Fmedia&parent=844"}],"wp:term":[{"taxonomy":"product_cat","embeddable":true,"href":"https:\/\/museedesparachutistes.com\/index.php?rest_route=%2Fwp%2Fv2%2Fproduct_cat&post=844"},{"taxonomy":"product_tag","embeddable":true,"href":"https:\/\/museedesparachutistes.com\/index.php?rest_route=%2Fwp%2Fv2%2Fproduct_tag&post=844"}],"curies":[{"name":"wp","href":"https:\/\/api.w.org\/{rel}","templated":true}]}}