{"id":873,"date":"2024-07-08T16:59:56","date_gmt":"2024-07-08T14:59:56","guid":{"rendered":"https:\/\/museedesparachutistes.com\/?post_type=product&#038;p=873"},"modified":"2024-07-08T16:59:56","modified_gmt":"2024-07-08T14:59:56","slug":"flasque","status":"publish","type":"product","link":"https:\/\/museedesparachutistes.com\/?product=flasque","title":{"rendered":"Flasque"},"content":{"rendered":"<p>Flasque avec inscription \u00e9cole des troupes a\u00e9roport\u00e9es et brevet.<\/p>\n","protected":false},"excerpt":{"rendered":"<p>Flasque avec inscription \u00e9cole des troupes a\u00e9roport\u00e9es et brevet.<\/p>\n","protected":false},"featured_media":874,"template":"","meta":[],"product_cat":[21],"product_tag":[],"class_list":{"0":"post-873","1":"product","2":"type-product","3":"status-publish","4":"has-post-thumbnail","6":"product_cat-non-classe","8":"first","9":"instock","10":"shipping-taxable","11":"purchasable","12":"product-type-simple"},"jetpack_sharing_enabled":true,"_links":{"self":[{"href":"https:\/\/museedesparachutistes.com\/index.php?rest_route=\/wp\/v2\/product\/873"}],"collection":[{"href":"https:\/\/museedesparachutistes.com\/index.php?rest_route=\/wp\/v2\/product"}],"about":[{"href":"https:\/\/museedesparachutistes.com\/index.php?rest_route=\/wp\/v2\/types\/product"}],"wp:featuredmedia":[{"embeddable":true,"href":"https:\/\/museedesparachutistes.com\/index.php?rest_route=\/wp\/v2\/media\/874"}],"wp:attachment":[{"href":"https:\/\/museedesparachutistes.com\/index.php?rest_route=%2Fwp%2Fv2%2Fmedia&parent=873"}],"wp:term":[{"taxonomy":"product_cat","embeddable":true,"href":"https:\/\/museedesparachutistes.com\/index.php?rest_route=%2Fwp%2Fv2%2Fproduct_cat&post=873"},{"taxonomy":"product_tag","embeddable":true,"href":"https:\/\/museedesparachutistes.com\/index.php?rest_route=%2Fwp%2Fv2%2Fproduct_tag&post=873"}],"curies":[{"name":"wp","href":"https:\/\/api.w.org\/{rel}","templated":true}]}}